{"id":6,"date":"2021-12-20T09:05:18","date_gmt":"2021-12-20T09:05:18","guid":{"rendered":"http:\/\/wp.up.pt\/openscience.fpce.up.pt\/?page_id=2"},"modified":"2022-01-24T20:38:21","modified_gmt":"2022-01-24T20:38:21","slug":"about","status":"publish","type":"page","link":"https:\/\/openscience.fpce.up.pt\/en\/","title":{"rendered":"About Us"},"content":{"rendered":"<p>The Open Science Group aims to promote the adoption of open, transparent, and reproducible research practices among the members of the Center for Psychology of the University of Porto (CPUP) to foster the production of scientific data that is robust, replicable, reliable, and reusable.<\/p>\n\n\n\n<hr class=\"wp-block-separator\" \/>\n\n\n\n<h2 class=\"wp-block-heading\">Goals<\/h2>\n\n\n\n<p>Our goal is to assist researchers (at all levels) in producing high-quality research. Our activities aim to offer guidance, support, and training in implementing open science practices in all stages of the scientific process and teaching activities.<\/p>\n\n\n\n<p>Open Science Practices, broadly construed, include:<\/p>\n\n\n\n<div class=\"wp-block-image\"><figure class=\"aligncenter size-large is-resized\"><img loading=\"lazy\" decoding=\"async\" src=\"https:\/\/openscience.fpce.up.pt\/wp-content\/uploads\/sites\/876\/2024\/09\/OpenSciencePractices_EN.png\" alt=\"\" class=\"wp-image-135\" width=\"666\" height=\"298\" \/><\/figure><\/div>\n\n\n\n<hr class=\"wp-block-separator\" \/>\n\n\n\n<div class=\"wp-block-columns are-vertically-aligned-center is-layout-flex wp-container-core-columns-is-layout-9d6595d7 wp-block-columns-is-layout-flex\">\n<div class=\"wp-block-column is-vertically-aligned-center is-layout-flow wp-block-column-is-layout-flow\" style=\"flex-basis:100%\">\n<div class=\"wp-block-group\"><div class=\"wp-block-group__inner-container is-layout-flow wp-block-group-is-layout-flow\">\n<h2 class=\"wp-block-heading\">Why Open Science?<\/h2>\n<\/div><\/div>\n<\/div>\n<\/div>\n\n\n\n<p>Transparency and openness in the scientific process allows for: <\/p>\n\n\n\n<p>(a) the full documentation and the recognition of all the work involved in the scientific process (from design to implementation); <\/p>\n\n\n\n<p>(b) more efficiency due to the sharing of materials and data, thereby prolonging their lifecycle, reusability and impact; <\/p>\n\n\n\n<p>(c) more collaborative scientific endeavors; <\/p>\n\n\n\n<p>(d) socially responsible scientific activities because it allows for the verification and faster correction of errors in the scientific record; <\/p>\n\n\n\n<p>(e) return of the data to society in a broader sense, which was ultimately the funder of the research.<\/p>\n\n\n\n<hr class=\"wp-block-separator\" \/>\n\n\n\n<p>To know more about our group, visit one of the following pages:<\/p>\n\n\n\n<figure class=\"wp-block-table\"><table class=\"has-background has-fixed-layout\" style=\"background-color:#f3f4f4\"><tbody><tr><td><a href=\"https:\/\/openscience.fpce.up.pt\/en\/members\/\" data-type=\"page\" data-id=\"150\">Members<\/a><\/td><td><a href=\"https:\/\/openscience.fpce.up.pt\/en\/events\/\" data-type=\"page\" data-id=\"172\">Events<\/a><\/td><td><a href=\"https:\/\/openscience.fpce.up.pt\/en\/recursos\/\" data-type=\"page\" data-id=\"186\">Resources<\/a><\/td><td><a href=\"https:\/\/openscience.fpce.up.pt\/en\/faqs\/\" data-type=\"page\" data-id=\"202\">FAQ\u2019s<\/a><\/td><td><a href=\"https:\/\/openscience.fpce.up.pt\/en\/contato\/\" data-type=\"page\" data-id=\"211\">Contact<\/a><\/td><\/tr><\/tbody><\/table><\/figure>\n\n\n\n<p><\/p>\n\n\n\n<p><\/p>\n\n\n\n<p><\/p>\n\n\n\n<p><\/p>\n\n\n\n<p><\/p>\n\n\n\n<p><\/p>\n\n\n\n<p><\/p>\n\n\n\n<p><\/p>\n\n\n\n<p><\/p>\n\n\n\n<p><\/p>","protected":false},"excerpt":{"rendered":"<p>O grupo de Ci\u00eancia Aberta e Respons\u00e1vel tem por miss\u00e3o promover a abertura, transpar\u00eancia e a reprodutibilidade das pr\u00e1ticas de investiga\u00e7\u00e3o adotadas pelos investigadores do Centro de Psicologia da Universidade do Porto (CPUP), de forma a permitir que os dados cient\u00edficos produzidos pelos seus membros sejam robustos, replic\u00e1veis, confi\u00e1veis e reutiliz\u00e1veis. Objetivos O nosso objetivo [&hellip;]<\/p>\n","protected":false},"author":1589,"featured_media":0,"parent":0,"menu_order":0,"comment_status":"closed","ping_status":"open","template":"templates\/home-page.php","meta":{"footnotes":""},"class_list":["post-6","page","type-page","status-publish","hentry"],"_links":{"self":[{"href":"https:\/\/openscience.fpce.up.pt\/en\/wp-json\/wp\/v2\/pages\/6","targetHints":{"allow":["GET"]}}],"collection":[{"href":"https:\/\/openscience.fpce.up.pt\/en\/wp-json\/wp\/v2\/pages"}],"about":[{"href":"https:\/\/openscience.fpce.up.pt\/en\/wp-json\/wp\/v2\/types\/page"}],"author":[{"embeddable":true,"href":"https:\/\/openscience.fpce.up.pt\/en\/wp-json\/wp\/v2\/users\/1589"}],"replies":[{"embeddable":true,"href":"https:\/\/openscience.fpce.up.pt\/en\/wp-json\/wp\/v2\/comments?post=6"}],"version-history":[{"count":9,"href":"https:\/\/openscience.fpce.up.pt\/en\/wp-json\/wp\/v2\/pages\/6\/revisions"}],"predecessor-version":[{"id":346,"href":"https:\/\/openscience.fpce.up.pt\/en\/wp-json\/wp\/v2\/pages\/6\/revisions\/346"}],"wp:attachment":[{"href":"https:\/\/openscience.fpce.up.pt\/en\/wp-json\/wp\/v2\/media?parent=6"}],"curies":[{"name":"wp","href":"https:\/\/api.w.org\/{rel}","templated":true}]}}