{"id":464,"date":"2022-02-22T14:03:36","date_gmt":"2022-02-22T14:03:36","guid":{"rendered":"https:\/\/openscience.fpce.up.pt\/?page_id=464"},"modified":"2024-09-13T10:45:57","modified_gmt":"2024-09-13T10:45:57","slug":"eventos","status":"publish","type":"page","link":"https:\/\/openscience.fpce.up.pt\/en\/eventos\/","title":{"rendered":"Events"},"content":{"rendered":"<p>The Open Science group organizes events and workshops to offer information and training on best practices for research (open science and responsible practices).<\/p>\n\n\n\n<p>In 2021\/2022, 2022\/2023, and 2023\/2024, we organized together with the Doctoral Program in Psychology, several workshops on open science practices. All materials (slides and videos) are available at the <a href=\"https:\/\/osf.io\/zke9h\/\" target=\"_blank\" rel=\"noreferrer noopener\">OSF<\/a> of the group.<\/p>\n\n\n\n<p>We will advertise further workshops\/activities organized by the group here.<\/p>\n\n\n\n<hr class=\"wp-block-separator has-css-opacity\" \/>\n\n\n\n<p class=\"has-x-large-font-size\"><strong>Event Calendar 2024<\/strong><\/p>\n\n\n\n<p><strong>May 22, 2024:<\/strong> Elaboration of Data Management Plans - hands-on workshop<\/p>\n\n\n\n<hr class=\"wp-block-separator has-css-opacity\" \/>\n\n\n\n<p class=\"has-x-large-font-size\"><strong>Event Calendar 2023<\/strong><\/p>\n\n\n\n<p class=\"has-medium-font-size\"><strong>February 15, 2023: <\/strong>Green Open Access <\/p>\n\n\n\n<p class=\"has-medium-font-size\"><strong>March 15, 2023:<\/strong> Sharing Materials and Data-bases<\/p>\n\n\n\n<p class=\"has-medium-font-size\"><strong>March 29, 2023:<\/strong> Study preregistration<\/p>\n\n\n\n<p class=\"has-medium-font-size\"><strong>November 23, 2023:<\/strong> Introduction to Data Management Plans: What it is and examples<\/p>\n\n\n\n<p class=\"has-medium-font-size\"><strong>July 07, 2023 - CPUP EVENT - <\/strong>Data Management Plans: Introduction and general guidelines<\/p>\n\n\n\n<hr class=\"wp-block-separator has-alpha-channel-opacity\" \/>\n\n\n\n<p class=\"has-large-font-size\"><strong>All events in 2021\/2022<\/strong><\/p>\n\n\n\n<figure class=\"wp-block-image size-large\"><img loading=\"lazy\" decoding=\"async\" width=\"1024\" height=\"576\" src=\"https:\/\/openscience.fpce.up.pt\/wp-content\/uploads\/sites\/876\/2022\/06\/Calendario_final-1024x576.png\" alt=\"\" class=\"wp-image-554\" srcset=\"https:\/\/openscience.fpce.up.pt\/wp-content\/uploads\/sites\/876\/2022\/06\/Calendario_final-1024x576.png 1024w, https:\/\/openscience.fpce.up.pt\/wp-content\/uploads\/sites\/876\/2022\/06\/Calendario_final-300x169.png 300w, https:\/\/openscience.fpce.up.pt\/wp-content\/uploads\/sites\/876\/2022\/06\/Calendario_final-768x432.png 768w, https:\/\/openscience.fpce.up.pt\/wp-content\/uploads\/sites\/876\/2022\/06\/Calendario_final-1536x864.png 1536w, https:\/\/openscience.fpce.up.pt\/wp-content\/uploads\/sites\/876\/2022\/06\/Calendario_final-2048x1152.png 2048w\" sizes=\"auto, (max-width: 1024px) 100vw, 1024px\" \/><\/figure>\n\n\n\n<p><strong>videos and materials are available in the Open Science Framework<\/strong>:<a rel=\"noreferrer noopener\" href=\"https:\/\/osf.io\/zke9h\/\" target=\"_blank\"> https:\/\/osf.io\/zke9h\/<\/a> <\/p>\n\n\n\n<hr class=\"wp-block-separator has-css-opacity\" \/>\n\n\n\n<div class=\"wp-block-media-text alignwide is-stacked-on-mobile\" style=\"grid-template-columns:41% auto\"><figure class=\"wp-block-media-text__media\"><img loading=\"lazy\" decoding=\"async\" width=\"495\" height=\"700\" src=\"https:\/\/openscience.fpce.up.pt\/wp-content\/uploads\/sites\/876\/2022\/06\/EventoCPUP.jpeg\" alt=\"\" class=\"wp-image-564 size-full\" srcset=\"https:\/\/openscience.fpce.up.pt\/wp-content\/uploads\/sites\/876\/2022\/06\/EventoCPUP.jpeg 495w, https:\/\/openscience.fpce.up.pt\/wp-content\/uploads\/sites\/876\/2022\/06\/EventoCPUP-212x300.jpeg 212w\" sizes=\"auto, (max-width: 495px) 100vw, 495px\" \/><\/figure><div class=\"wp-block-media-text__content\">\n<p class=\"has-large-font-size\">CPUP Event<\/p>\n\n\n\n<p>The Open Science group organized one of the workshops of the CPUP event.<br><\/p>\n\n\n\n<p><strong>Workshop &#8211;<\/strong> <strong>01\/07,  9h00 \u00e0s 11h00<\/strong><\/p>\n\n\n\n<p class=\"has-text-color\" style=\"color:#075b94c9;font-size:24px\"><strong>Publishing Negative Results: Finding Evidence for the Absence of Effects with Bayesian Inference<\/strong><\/p>\n\n\n\n<p>Prof. Klaus Oberauer, University of Zurich<\/p>\n<\/div><\/div>\n\n\n\n<hr class=\"wp-block-separator has-alpha-channel-opacity\" \/>\n\n\n\n<p><strong>Summary:<\/strong><\/p>\n\n\n\n<p>In most scenarios, researchers search for positive results: interventions that promote benefits, differences between groups in a relevant measure, correlations between variables, positive predictors, or causal effects of experimental manipulations. In this search, however, we often stumble upon ineffective interventions, insignificant correlations, unsuccessful experimental manipulations, etc. These negative results are often relegated to the file drawn, often seen as a failure of the experimenter. Yet, they may inform us on variables that are not useful or findings that are not replicable or robust. Therefore, carefully documented negative results should be as much part of the scientific record as positive results. For negative results to be informative, however, we need a measure to quantify how much our data support the absence of a relation: we need tools for testing the Null hypothesis.&nbsp; This workshop will present the basics of Bayesian inference, and how it weights the evidence for both the Null and the Alternative hypothesis. The workshop will demonstrate how to perform some simple Bayesian-hypothesis tests (e.g., <em>t<\/em>-tests) using a free software (JASP) and how to interpret the results obtained. It will end with a discussion of the advantages of Bayesian analysis and suggestions for further references on further tests and methods.<\/p>\n\n\n\n<hr class=\"wp-block-separator has-alpha-channel-opacity\" \/>\n\n\n\n<p>Other pages of interest:<\/p>\n\n\n\n<figure class=\"wp-block-table\"><table class=\"has-white-color has-text-color has-background has-fixed-layout\" style=\"background-color:#ebecee\"><tbody><tr><td><a href=\"https:\/\/openscience.fpce.up.pt\/en\/\" data-type=\"page\" data-id=\"6\">About Us<\/a><\/td><td><a href=\"https:\/\/openscience.fpce.up.pt\/en\/members\/\" data-type=\"page\" data-id=\"150\">Members<\/a><\/td><td><a href=\"https:\/\/openscience.fpce.up.pt\/en\/recursos\/\" data-type=\"page\" data-id=\"186\">Resources<\/a><\/td><td><a href=\"https:\/\/openscience.fpce.up.pt\/en\/faqs\/\" data-type=\"page\" data-id=\"202\">FAQ&#8217;s<\/a><\/td><td><a href=\"https:\/\/openscience.fpce.up.pt\/en\/contato\/\" data-type=\"page\" data-id=\"211\">Contact<\/a><\/td><\/tr><\/tbody><\/table><\/figure>","protected":false},"excerpt":{"rendered":"<p>O Grupo de Ci\u00eancia Aberta e Respons\u00e1vel organiza eventos e ciclos de palestras para oferecer informa\u00e7\u00f5es e forma\u00e7\u00e3o em pr\u00e1ticas de ci\u00eancia aberta e ci\u00eancia respons\u00e1vel. Nos anos de 2021\/2022, 2022\/2023 e 2023\/2024, o grupo organizou em parceria com o Programa Doutoral em Psicologia, v\u00e1rios ciclos de palestras como parte das oficinas de compet\u00eancias transversais [&hellip;]<\/p>\n","protected":false},"author":1589,"featured_media":0,"parent":0,"menu_order":0,"comment_status":"closed","ping_status":"closed","template":"","meta":{"footnotes":""},"class_list":["post-464","page","type-page","status-publish","hentry"],"_links":{"self":[{"href":"https:\/\/openscience.fpce.up.pt\/en\/wp-json\/wp\/v2\/pages\/464","targetHints":{"allow":["GET"]}}],"collection":[{"href":"https:\/\/openscience.fpce.up.pt\/en\/wp-json\/wp\/v2\/pages"}],"about":[{"href":"https:\/\/openscience.fpce.up.pt\/en\/wp-json\/wp\/v2\/types\/page"}],"author":[{"embeddable":true,"href":"https:\/\/openscience.fpce.up.pt\/en\/wp-json\/wp\/v2\/users\/1589"}],"replies":[{"embeddable":true,"href":"https:\/\/openscience.fpce.up.pt\/en\/wp-json\/wp\/v2\/comments?post=464"}],"version-history":[{"count":20,"href":"https:\/\/openscience.fpce.up.pt\/en\/wp-json\/wp\/v2\/pages\/464\/revisions"}],"predecessor-version":[{"id":721,"href":"https:\/\/openscience.fpce.up.pt\/en\/wp-json\/wp\/v2\/pages\/464\/revisions\/721"}],"wp:attachment":[{"href":"https:\/\/openscience.fpce.up.pt\/en\/wp-json\/wp\/v2\/media?parent=464"}],"curies":[{"name":"wp","href":"https:\/\/api.w.org\/{rel}","templated":true}]}}