{"id":211,"date":"2022-01-18T22:30:22","date_gmt":"2022-01-18T22:30:22","guid":{"rendered":"https:\/\/openscience.fpce.up.pt\/?page_id=211"},"modified":"2022-01-24T18:32:09","modified_gmt":"2022-01-24T18:32:09","slug":"contato","status":"publish","type":"page","link":"https:\/\/openscience.fpce.up.pt\/en\/contato\/","title":{"rendered":"Contact"},"content":{"rendered":"\n<p>Para entrar em contato com o Grupo de Ci\u00eancia Aberta e Respons\u00e1vel, preencha o formul\u00e1rio abaixo ou envie email para openscience@fpce.up.pt <\/p>\n\n\n\n<hr class=\"wp-block-separator\" \/>\n\n\n<div class=\"wpforms-container wpforms-container-full wpforms-block\" id=\"wpforms-318\"><form id=\"wpforms-form-318\" class=\"wpforms-validate wpforms-form wpforms-ajax-form\" data-formid=\"318\" method=\"post\" enctype=\"multipart\/form-data\" action=\"\/en\/wp-json\/wp\/v2\/pages\/211\" data-token=\"b2ce0af00fd4a27cc8f45d47d605aca8\" data-token-time=\"1778212225\"><noscript class=\"wpforms-error-noscript\">Please enable JavaScript in your browser to complete this form.<\/noscript><div class=\"wpforms-field-container\"><div id=\"wpforms-318-field_0-container\" class=\"wpforms-field wpforms-field-name\" data-field-id=\"0\"><label class=\"wpforms-field-label\">Nome <span class=\"wpforms-required-label\">*<\/span><\/label><div class=\"wpforms-field-row wpforms-field-medium\"><div class=\"wpforms-field-row-block wpforms-first wpforms-one-half\"><input type=\"text\" id=\"wpforms-318-field_0\" class=\"wpforms-field-name-first wpforms-field-required\" name=\"wpforms[fields][0][first]\" required><label for=\"wpforms-318-field_0\" class=\"wpforms-field-sublabel after\">First<\/label><\/div><div class=\"wpforms-field-row-block wpforms-one-half\"><input type=\"text\" id=\"wpforms-318-field_0-last\" class=\"wpforms-field-name-last wpforms-field-required\" name=\"wpforms[fields][0][last]\" required><label for=\"wpforms-318-field_0-last\" class=\"wpforms-field-sublabel after\">Last<\/label><\/div><\/div><\/div><div id=\"wpforms-318-field_1-container\" class=\"wpforms-field wpforms-field-email\" data-field-id=\"1\"><label class=\"wpforms-field-label\" for=\"wpforms-318-field_1\">Email <span class=\"wpforms-required-label\">*<\/span><\/label><input type=\"email\" id=\"wpforms-318-field_1\" class=\"wpforms-field-medium wpforms-field-required\" name=\"wpforms[fields][1]\" spellcheck=\"false\" required><\/div><div id=\"wpforms-318-field_3-container\" class=\"wpforms-field wpforms-field-checkbox\" data-field-id=\"3\"><label class=\"wpforms-field-label\">Motivo do Contato <span class=\"wpforms-required-label\">*<\/span><\/label><ul id=\"wpforms-318-field_3\" class=\"wpforms-field-required\"><li class=\"choice-1 depth-1\"><input type=\"checkbox\" id=\"wpforms-318-field_3_1\" name=\"wpforms[fields][3][]\" value=\"Atividades de Forma\u00e7\u00e3o\" required ><label class=\"wpforms-field-label-inline\" for=\"wpforms-318-field_3_1\">Atividades de Forma\u00e7\u00e3o<\/label><\/li><li class=\"choice-2 depth-1\"><input type=\"checkbox\" id=\"wpforms-318-field_3_2\" name=\"wpforms[fields][3][]\" value=\"Consultoria\/D\u00favidas\" required ><label class=\"wpforms-field-label-inline\" for=\"wpforms-318-field_3_2\">Consultoria\/D\u00favidas<\/label><\/li><li class=\"choice-3 depth-1\"><input type=\"checkbox\" id=\"wpforms-318-field_3_3\" name=\"wpforms[fields][3][]\" value=\"Feedback\" required ><label class=\"wpforms-field-label-inline\" for=\"wpforms-318-field_3_3\">Feedback<\/label><\/li><li class=\"choice-4 depth-1\"><input type=\"checkbox\" id=\"wpforms-318-field_3_4\" name=\"wpforms[fields][3][]\" value=\"Outro\" required ><label class=\"wpforms-field-label-inline\" for=\"wpforms-318-field_3_4\">Outro<\/label><\/li><\/ul><\/div><div id=\"wpforms-318-field_2-container\" class=\"wpforms-field wpforms-field-textarea\" data-field-id=\"2\"><label class=\"wpforms-field-label\" for=\"wpforms-318-field_2\">Coment\u00e1rio\/Mensagem <span class=\"wpforms-required-label\">*<\/span><\/label><textarea id=\"wpforms-318-field_2\" class=\"wpforms-field-medium wpforms-field-required\" name=\"wpforms[fields][2]\" required><\/textarea><\/div><\/div><!-- .wpforms-field-container --><div class=\"wpforms-submit-container\" ><input type=\"hidden\" name=\"wpforms[id]\" value=\"318\"><input type=\"hidden\" name=\"page_title\" value=\"\"><input type=\"hidden\" name=\"page_url\" value=\"https:\/\/openscience.fpce.up.pt\/en\/wp-json\/wp\/v2\/pages\/211\"><input type=\"hidden\" name=\"url_referer\" value=\"\"><button type=\"submit\" name=\"wpforms[submit]\" id=\"wpforms-submit-318\" class=\"wpforms-submit\" data-alt-text=\"A enviar mensagem...\" data-submit-text=\"Enviar\" aria-live=\"assertive\" value=\"wpforms-submit\">Enviar<\/button><img loading=\"lazy\" decoding=\"async\" src=\"https:\/\/openscience.fpce.up.pt\/wp-content\/plugins\/wpforms-lite\/assets\/images\/submit-spin.svg\" class=\"wpforms-submit-spinner\" style=\"display: none;\" width=\"26\" height=\"26\" alt=\"Loading\"><\/div><\/form><\/div>  <!-- .wpforms-container -->\n\n\n<figure class=\"wp-block-table\"><table class=\"has-background has-fixed-layout\" style=\"background-color:#f3f4f4\"><tbody><tr><td><a href=\"https:\/\/openscience.fpce.up.pt\/about\/\" data-type=\"page\" data-id=\"6\">Sobre N\u00f3s<\/a><\/td><td><a href=\"https:\/\/openscience.fpce.up.pt\/members\/\" data-type=\"page\" data-id=\"150\">Membros<\/a><\/td><td><a href=\"https:\/\/openscience.fpce.up.pt\/events\/\" data-type=\"page\" data-id=\"172\">Eventos<\/a><\/td><td><a href=\"https:\/\/openscience.fpce.up.pt\/recursos\/\" data-type=\"page\" data-id=\"186\">Recursos<\/a><\/td><td><a href=\"https:\/\/openscience.fpce.up.pt\/faqs\/\" data-type=\"page\" data-id=\"202\">FAQ\u2019s<\/a><\/td><\/tr><\/tbody><\/table><\/figure>\n\n\n\n<p><\/p>\n","protected":false},"excerpt":{"rendered":"<p>Para entrar em contato com o Grupo de Ci\u00eancia Aberta e Respons\u00e1vel, preencha o formul\u00e1rio abaixo ou envie email para openscience@fpce.up.pt Sobre N\u00f3s Membros Eventos Recursos FAQ\u2019s<\/p>","protected":false},"author":1589,"featured_media":0,"parent":0,"menu_order":0,"comment_status":"closed","ping_status":"closed","template":"","meta":{"footnotes":""},"class_list":["post-211","page","type-page","status-publish","hentry"],"_links":{"self":[{"href":"https:\/\/openscience.fpce.up.pt\/en\/wp-json\/wp\/v2\/pages\/211","targetHints":{"allow":["GET"]}}],"collection":[{"href":"https:\/\/openscience.fpce.up.pt\/en\/wp-json\/wp\/v2\/pages"}],"about":[{"href":"https:\/\/openscience.fpce.up.pt\/en\/wp-json\/wp\/v2\/types\/page"}],"author":[{"embeddable":true,"href":"https:\/\/openscience.fpce.up.pt\/en\/wp-json\/wp\/v2\/users\/1589"}],"replies":[{"embeddable":true,"href":"https:\/\/openscience.fpce.up.pt\/en\/wp-json\/wp\/v2\/comments?post=211"}],"version-history":[{"count":3,"href":"https:\/\/openscience.fpce.up.pt\/en\/wp-json\/wp\/v2\/pages\/211\/revisions"}],"predecessor-version":[{"id":322,"href":"https:\/\/openscience.fpce.up.pt\/en\/wp-json\/wp\/v2\/pages\/211\/revisions\/322"}],"wp:attachment":[{"href":"https:\/\/openscience.fpce.up.pt\/en\/wp-json\/wp\/v2\/media?parent=211"}],"curies":[{"name":"wp","href":"https:\/\/api.w.org\/{rel}","templated":true}]}}