{"id":202,"date":"2022-01-18T22:28:10","date_gmt":"2022-01-18T22:28:10","guid":{"rendered":"https:\/\/openscience.fpce.up.pt\/?page_id=202"},"modified":"2022-02-10T23:28:36","modified_gmt":"2022-02-10T23:28:36","slug":"faqs","status":"publish","type":"page","link":"https:\/\/openscience.fpce.up.pt\/en\/faqs\/","title":{"rendered":"FAQ&#8217;s"},"content":{"rendered":"<p><strong>Frequently Asked Questions \/ Perguntas Frequentes<\/strong><\/p>\n\n\n\n<p style=\"font-size:15px\">Nesta p\u00e1gina apresentamos a resposta sum\u00e1ria a algumas quest\u00f5es frequentes.<\/p>\n\n\n\n<hr class=\"wp-block-separator\" \/>\n\n\n\n<p><strong><em>H\u00e1 um reposit\u00f3rio institucional da Universidade do Porto?<\/em><\/strong><\/p>\n\n\n\n<p style=\"font-size:15px\">Sim. O reposit\u00f3rio Aberto da U.Porto (<a href=\"https:\/\/repositorio-aberto.up.pt\/\">https:\/\/repositorio-aberto.up.pt\/<\/a>). Os membros da comunidade acad\u00e9mica da\u00a0U.Porto\u00a0podem disponibilizar as suas publica\u00e7\u00f5es\u00a0atrav\u00e9s deste reposit\u00f3rio.<\/p>\n\n\n\n<hr class=\"wp-block-separator\" \/>\n\n\n\n<p><strong><em>Quais s\u00e3o os reposit\u00f3rios aconselhados para a partilha p\u00fablica de dado<\/em><\/strong><em><strong>s?<\/strong><\/em><\/p>\n\n\n\n<p style=\"font-size:15px\">A Universidade do Porto n\u00e3o tem reposit\u00f3rio para o dep\u00f3sito de dados. Os investigadores podem optar pela escolha de um reposit\u00f3rio disciplinar ou adequado ao seu dom\u00ednio de investiga\u00e7\u00e3o. Exemplos de reposit\u00f3rios mais disciplinares incluem: <a rel=\"noreferrer noopener\" href=\"https:\/\/www.biodata.pt\/index.php\/\" target=\"_blank\">BioData<\/a>; <a rel=\"noreferrer noopener\" href=\"https:\/\/osf.io\/\" target=\"_blank\">Open Science Framework<\/a>; <a rel=\"noreferrer noopener\" href=\"http:\/\/www.datadryad.org\/\" target=\"_blank\">Dryad (Biosciences)<\/a>\u00a0; <a rel=\"noreferrer noopener\" href=\"https:\/\/www.icpsr.umich.edu\/web\/pages\/\" target=\"_blank\">ICPSR<\/a> for the social sciences. Em alternativa podem optar por reposit\u00f3rio multidisciplinares (ex: <a rel=\"noreferrer noopener\" href=\"https:\/\/zenodo.org\/\" target=\"_blank\">Zenodo<\/a>; <a rel=\"noreferrer noopener\" href=\"https:\/\/figshare.com\/\" target=\"_blank\">Figshare<\/a>; <a rel=\"noreferrer noopener\" href=\"https:\/\/b2share.eudat.eu\/\" target=\"_blank\">B2Share<\/a>).<\/p>\n\n\n\n<hr class=\"wp-block-separator\" \/>\n\n\n\n<p><strong><em>Onde posso fazer o pr\u00e9-registo do meu estudo?<\/em><\/strong><\/p>\n\n\n\n<p style=\"font-size:15px\">O pr\u00e9-registo de um estudo pode ser feito em diferentes plataformas dependendo das carater\u00edsticas espec\u00edficas do estudo. Estudos emp\u00edricos prim\u00e1rios podem ser registados sob a forma de pr\u00e9-registo, por exemplo, na plataforma <em><a href=\"https:\/\/osf.io\/prereg\/\" target=\"_blank\" rel=\"noreferrer noopener\">Open Science Framework<\/a><\/em>. Outros exemplos incluem o registo de estudos experimentais no formato de ensaios cl\u00ednicos na plataforma <a rel=\"noreferrer noopener\" href=\"https:\/\/www.isrctn.com\/\" target=\"_blank\"><em>ISRCTN registry<\/em>,<\/a> e estudos secund\u00e1rios, como revis\u00f5es sistem\u00e1ticas com (ou sem) meta-an\u00e1lise, na plataforma <a rel=\"noreferrer noopener\" href=\"https:\/\/www.crd.york.ac.uk\/PROSPERO\/\" target=\"_blank\"><em>PROSPERO<\/em><\/a>.<\/p>\n\n\n\n<hr class=\"wp-block-separator\" \/>\n\n\n\n<p><strong><em>O que deve estar contido em um pr\u00e9-registo?<\/em><\/strong><\/p>\n\n\n\n<p style=\"font-size:15px\">Um pr\u00e9-registo tipicamente inclui um breve enquadramento que sustenta os objetivos e hip\u00f3teses do estudo, a descri\u00e7\u00e3o do <em>design<\/em> de investiga\u00e7\u00e3o a ser implementado, a descri\u00e7\u00e3o do procedimento, incluindo o tamanho da amostra prevista a utilizar (fundamentada na literatura, ou empiricamente fundamentada atrav\u00e9s de testes de poder estat\u00edstico do tamanho da amostra), e as medidas a utilizar na recolha de dados, bem como o plano anal\u00edtico do estudo. Outras informa\u00e7\u00f5es podem ser necess\u00e1rias em fun\u00e7\u00e3o do tipo de estudo apresentado no registo, como por exemplo se se tratar de uma revis\u00e3o sistem\u00e1tica da literatura. Para mais informa\u00e7\u00f5es sobre os conte\u00fados de um pr\u00e9-registo de um estudo emp\u00edrico prim\u00e1rio por favor consulte <a href=\"https:\/\/www.cos.io\/initiatives\/prereg\">https:\/\/www.cos.io\/initiatives\/prereg<\/a>. Para mais informa\u00e7\u00f5es sobre as caracter\u00edsticas do registo para os diferentes tipos de estudos, por favor consulte os crit\u00e9rios de qualidade e transpar\u00eancia em investiga\u00e7\u00e3o <em><a href=\"https:\/\/www.equator-network.org\/\" target=\"_blank\" rel=\"noreferrer noopener\">Equator Network<\/a><\/em>.<\/p>\n\n\n\n<hr class=\"wp-block-separator\" \/>\n\n\n\n<p><strong><em>O que s\u00e3o dados de investiga\u00e7\u00e3o abertos?<\/em><\/strong><\/p>\n\n\n\n<p style=\"font-size:15px\">Dados que podem ser livremente acedidos, reutilizados, remisturados e redistribu\u00eddos, para efeitos de investiga\u00e7\u00e3o acad\u00e9mica, ensino e outros fins. <sup><a rel=\"noreferrer noopener\" href=\"https:\/\/www.fosteropenscience.eu\/content\/open-science-training-handbook\" target=\"_blank\">Ref1<\/a><\/sup><\/p>\n\n\n\n<hr class=\"wp-block-separator\" \/>\n\n\n\n<p><strong><em>Quais os benef\u00edcios dos dados abertos?<\/em><\/strong><\/p>\n\n\n\n<p style=\"font-size:15px\">A partilha de dados abertos \u00e9 uma condi\u00e7\u00e3o para a reprodutibilidade e progresso cient\u00edfico, permitindo detetar resultados imprecisos, responder a novas quest\u00f5es de investiga\u00e7\u00e3o e desenvolver novos estudos (e.g., meta-an\u00e1lises), bem como ser fonte de cita\u00e7\u00e3o independente, consequentemente aumentando o n\u00famero de cita\u00e7\u00f5es e o impacto do trabalho dos investigadores respons\u00e1veis pelos dados.<\/p>\n\n\n\n<hr class=\"wp-block-separator\" \/>\n\n\n\n<p>Para mais informa\u00e7\u00f5es, consulte uma das p\u00e1ginas listadas abaixo<\/p>\n\n\n\n<figure class=\"wp-block-table\"><table class=\"has-background has-fixed-layout\" style=\"background-color:#f3f4f4\"><tbody><tr><td><a href=\"https:\/\/openscience.fpce.up.pt\/en\/about\/\" data-type=\"page\" data-id=\"6\">About Us<\/a><\/td><td><a href=\"https:\/\/openscience.fpce.up.pt\/en\/members\/\" data-type=\"page\" data-id=\"150\">Members<\/a><\/td><td><a href=\"https:\/\/openscience.fpce.up.pt\/en\/events\/\" data-type=\"page\" data-id=\"172\">Events<\/a><\/td><td><a href=\"https:\/\/openscience.fpce.up.pt\/en\/recursos\/\" data-type=\"page\" data-id=\"186\">Resources<\/a><\/td><td><a href=\"https:\/\/openscience.fpce.up.pt\/en\/contato\/\" data-type=\"page\" data-id=\"211\">Contact<\/a><\/td><\/tr><\/tbody><\/table><\/figure>\n\n\n\n<p><\/p>","protected":false},"excerpt":{"rendered":"<p>Frequently Asked Questions \/ Perguntas Frequentes Nesta p\u00e1gina apresentamos a resposta sum\u00e1ria a algumas quest\u00f5es frequentes. H\u00e1 um reposit\u00f3rio institucional da Universidade do Porto? Sim. O reposit\u00f3rio Aberto da U.Porto (https:\/\/repositorio-aberto.up.pt\/). Os membros da comunidade acad\u00e9mica da\u00a0U.Porto\u00a0podem disponibilizar as suas publica\u00e7\u00f5es\u00a0atrav\u00e9s deste reposit\u00f3rio. Quais s\u00e3o os reposit\u00f3rios aconselhados para a partilha p\u00fablica de dados? A [&hellip;]<\/p>\n","protected":false},"author":1589,"featured_media":0,"parent":0,"menu_order":0,"comment_status":"closed","ping_status":"closed","template":"","meta":{"footnotes":""},"class_list":["post-202","page","type-page","status-publish","hentry"],"_links":{"self":[{"href":"https:\/\/openscience.fpce.up.pt\/en\/wp-json\/wp\/v2\/pages\/202","targetHints":{"allow":["GET"]}}],"collection":[{"href":"https:\/\/openscience.fpce.up.pt\/en\/wp-json\/wp\/v2\/pages"}],"about":[{"href":"https:\/\/openscience.fpce.up.pt\/en\/wp-json\/wp\/v2\/types\/page"}],"author":[{"embeddable":true,"href":"https:\/\/openscience.fpce.up.pt\/en\/wp-json\/wp\/v2\/users\/1589"}],"replies":[{"embeddable":true,"href":"https:\/\/openscience.fpce.up.pt\/en\/wp-json\/wp\/v2\/comments?post=202"}],"version-history":[{"count":5,"href":"https:\/\/openscience.fpce.up.pt\/en\/wp-json\/wp\/v2\/pages\/202\/revisions"}],"predecessor-version":[{"id":423,"href":"https:\/\/openscience.fpce.up.pt\/en\/wp-json\/wp\/v2\/pages\/202\/revisions\/423"}],"wp:attachment":[{"href":"https:\/\/openscience.fpce.up.pt\/en\/wp-json\/wp\/v2\/media?parent=202"}],"curies":[{"name":"wp","href":"https:\/\/api.w.org\/{rel}","templated":true}]}}