{"id":186,"date":"2022-01-18T22:22:50","date_gmt":"2022-01-18T22:22:50","guid":{"rendered":"https:\/\/openscience.fpce.up.pt\/?page_id=186"},"modified":"2023-07-06T10:57:17","modified_gmt":"2023-07-06T10:57:17","slug":"recursos","status":"publish","type":"page","link":"https:\/\/openscience.fpce.up.pt\/en\/recursos\/","title":{"rendered":"Resources"},"content":{"rendered":"<p>In this page, we present a list of relevant resources for implementing Open Science practices.<\/p>\n\n\n\n<p>We suggest these materials for guidance on the different topics surrounding the adoption of best research practices for transparency, openness and responsible research.<\/p>\n\n\n\n<p><\/p>\n\n\n\n<div class=\"wp-block-media-text alignwide is-stacked-on-mobile\" style=\"grid-template-columns:46% auto\"><figure class=\"wp-block-media-text__media\"><img loading=\"lazy\" decoding=\"async\" width=\"724\" height=\"1024\" src=\"https:\/\/openscience.fpce.up.pt\/wp-content\/uploads\/sites\/876\/2023\/07\/Step_By_Step_CodeBook-724x1024.png\" alt=\"\" class=\"wp-image-704 size-full\" srcset=\"https:\/\/openscience.fpce.up.pt\/wp-content\/uploads\/sites\/876\/2023\/07\/Step_By_Step_CodeBook-724x1024.png 724w, https:\/\/openscience.fpce.up.pt\/wp-content\/uploads\/sites\/876\/2023\/07\/Step_By_Step_CodeBook-212x300.png 212w, https:\/\/openscience.fpce.up.pt\/wp-content\/uploads\/sites\/876\/2023\/07\/Step_By_Step_CodeBook-768x1086.png 768w, https:\/\/openscience.fpce.up.pt\/wp-content\/uploads\/sites\/876\/2023\/07\/Step_By_Step_CodeBook-1086x1536.png 1086w, https:\/\/openscience.fpce.up.pt\/wp-content\/uploads\/sites\/876\/2023\/07\/Step_By_Step_CodeBook-1448x2048.png 1448w, https:\/\/openscience.fpce.up.pt\/wp-content\/uploads\/sites\/876\/2023\/07\/Step_By_Step_CodeBook.png 1587w\" sizes=\"auto, (max-width: 724px) 100vw, 724px\" \/><\/figure><div class=\"wp-block-media-text__content\">\n<p><a href=\"https:\/\/openscience.fpce.up.pt\/wp-content\/uploads\/sites\/876\/2023\/06\/Step_By_Step_CodeBook.pdf\" target=\"_blank\" rel=\"noreferrer noopener\">Gui\u00e3o<\/a> para a cria\u00e7\u00e3o de <strong>codebook para bases de dados<\/strong><\/p>\n\n\n\n<p>A base de dados de exemplo est\u00e1 acess\u00edvel na nossa p\u00e1gina da <a href=\"https:\/\/osf.io\/79dva\" target=\"_blank\" rel=\"noreferrer noopener\">OSF<\/a><\/p>\n<\/div><\/div>\n\n\n\n<hr class=\"wp-block-separator has-alpha-channel-opacity\" \/>\n\n\n\n<div class=\"wp-block-media-text alignwide is-stacked-on-mobile\" style=\"grid-template-columns:46% auto\"><figure class=\"wp-block-media-text__media\"><img loading=\"lazy\" decoding=\"async\" width=\"724\" height=\"1024\" src=\"https:\/\/openscience.fpce.up.pt\/wp-content\/uploads\/sites\/876\/2023\/03\/Estudo-Empirico-724x1024.png\" alt=\"\" class=\"wp-image-671 size-full\" srcset=\"https:\/\/openscience.fpce.up.pt\/wp-content\/uploads\/sites\/876\/2023\/03\/Estudo-Empirico-724x1024.png 724w, https:\/\/openscience.fpce.up.pt\/wp-content\/uploads\/sites\/876\/2023\/03\/Estudo-Empirico-212x300.png 212w, https:\/\/openscience.fpce.up.pt\/wp-content\/uploads\/sites\/876\/2023\/03\/Estudo-Empirico-768x1086.png 768w, https:\/\/openscience.fpce.up.pt\/wp-content\/uploads\/sites\/876\/2023\/03\/Estudo-Empirico-1086x1536.png 1086w, https:\/\/openscience.fpce.up.pt\/wp-content\/uploads\/sites\/876\/2023\/03\/Estudo-Empirico-1448x2048.png 1448w, https:\/\/openscience.fpce.up.pt\/wp-content\/uploads\/sites\/876\/2023\/03\/Estudo-Empirico.png 1587w\" sizes=\"auto, (max-width: 724px) 100vw, 724px\" \/><\/figure><div class=\"wp-block-media-text__content\">\n<p class=\"has-medium-font-size\"><strong>Guide to preregistration of studies<\/strong><\/p>\n\n\n\n<p class=\"has-medium-font-size\"><a href=\"https:\/\/osf.io\/t9rkg\" target=\"_blank\" rel=\"noreferrer noopener\">Empirical study (only one in English)<\/a><\/p>\n\n\n\n<p class=\"has-medium-font-size\"><a href=\"https:\/\/openscience.fpce.up.pt\/wp-content\/uploads\/sites\/876\/2023\/03\/SecondaryDataPreRegistration_InfoGraphic.pdf\" target=\"_blank\" rel=\"noreferrer noopener\">Dados Secund\u00e1rios<\/a><\/p>\n\n\n\n<p class=\"has-medium-font-size\"><a href=\"https:\/\/openscience.fpce.up.pt\/wp-content\/uploads\/sites\/876\/2023\/03\/RCTPreRegistration_InfoGrapic.pdf\" target=\"_blank\" rel=\"noreferrer noopener\">RCTs<\/a><\/p>\n\n\n\n<p class=\"has-medium-font-size\"><a href=\"https:\/\/openscience.fpce.up.pt\/wp-content\/uploads\/sites\/876\/2023\/03\/QualResearchPreRegistration_InfoGraphic.pdf\" target=\"_blank\" rel=\"noreferrer noopener\">Estudos Qualitativos<\/a><\/p>\n\n\n\n<p class=\"has-medium-font-size\"><a href=\"https:\/\/openscience.fpce.up.pt\/wp-content\/uploads\/sites\/876\/2023\/03\/SisRevPreRegistration_InfoGraphic.pdf\" target=\"_blank\" rel=\"noreferrer noopener\">Revis\u00e3o Sistem\u00e1tica<\/a><\/p>\n\n\n\n<p class=\"has-medium-font-size\"><a href=\"https:\/\/openscience.fpce.up.pt\/wp-content\/uploads\/sites\/876\/2023\/03\/ScopingRevPreRegistration_InfoGraphic.pdf\" target=\"_blank\" rel=\"noreferrer noopener\">Scoping Review<\/a><\/p>\n\n\n\n<p class=\"has-medium-font-size\"><\/p>\n\n\n\n<p><\/p>\n\n\n\n<p><\/p>\n<\/div><\/div>\n\n\n\n<hr class=\"wp-block-separator has-alpha-channel-opacity\" \/>\n\n\n\n<div class=\"wp-block-media-text alignwide is-stacked-on-mobile\" style=\"grid-template-columns:45% auto\"><figure class=\"wp-block-media-text__media\"><img loading=\"lazy\" decoding=\"async\" width=\"724\" height=\"1024\" src=\"https:\/\/openscience.fpce.up.pt\/wp-content\/uploads\/sites\/876\/2023\/03\/OpenMaterials_Data_infoGraphic-724x1024.png\" alt=\"\" class=\"wp-image-655 size-full\" srcset=\"https:\/\/openscience.fpce.up.pt\/wp-content\/uploads\/sites\/876\/2023\/03\/OpenMaterials_Data_infoGraphic-724x1024.png 724w, https:\/\/openscience.fpce.up.pt\/wp-content\/uploads\/sites\/876\/2023\/03\/OpenMaterials_Data_infoGraphic-212x300.png 212w, https:\/\/openscience.fpce.up.pt\/wp-content\/uploads\/sites\/876\/2023\/03\/OpenMaterials_Data_infoGraphic-768x1086.png 768w, https:\/\/openscience.fpce.up.pt\/wp-content\/uploads\/sites\/876\/2023\/03\/OpenMaterials_Data_infoGraphic-1086x1536.png 1086w, https:\/\/openscience.fpce.up.pt\/wp-content\/uploads\/sites\/876\/2023\/03\/OpenMaterials_Data_infoGraphic-1448x2048.png 1448w, https:\/\/openscience.fpce.up.pt\/wp-content\/uploads\/sites\/876\/2023\/03\/OpenMaterials_Data_infoGraphic.png 1587w\" sizes=\"auto, (max-width: 724px) 100vw, 724px\" \/><\/figure><div class=\"wp-block-media-text__content\">\n<p class=\"has-medium-font-size translation-block\"><a href=\"https:\/\/osf.io\/t9rkg\" target=\"_blank\">Guide<\/a> for openly sharing Materials and Data (click for English version).<\/p>\n<\/div><\/div>\n\n\n\n<p> <\/p>\n\n\n\n<hr class=\"wp-block-separator has-alpha-channel-opacity\" \/>\n\n\n\n<div class=\"wp-block-media-text alignwide is-stacked-on-mobile\" style=\"grid-template-columns:44% auto\"><figure class=\"wp-block-media-text__media\"><img loading=\"lazy\" decoding=\"async\" width=\"724\" height=\"1024\" src=\"https:\/\/openscience.fpce.up.pt\/wp-content\/uploads\/sites\/876\/2023\/02\/1-724x1024.png\" alt=\"\" class=\"wp-image-611 size-full\" srcset=\"https:\/\/openscience.fpce.up.pt\/wp-content\/uploads\/sites\/876\/2023\/02\/1-724x1024.png 724w, https:\/\/openscience.fpce.up.pt\/wp-content\/uploads\/sites\/876\/2023\/02\/1-212x300.png 212w, https:\/\/openscience.fpce.up.pt\/wp-content\/uploads\/sites\/876\/2023\/02\/1-768x1086.png 768w, https:\/\/openscience.fpce.up.pt\/wp-content\/uploads\/sites\/876\/2023\/02\/1-1086x1536.png 1086w, https:\/\/openscience.fpce.up.pt\/wp-content\/uploads\/sites\/876\/2023\/02\/1-1448x2048.png 1448w, https:\/\/openscience.fpce.up.pt\/wp-content\/uploads\/sites\/876\/2023\/02\/1.png 1587w\" sizes=\"auto, (max-width: 724px) 100vw, 724px\" \/><\/figure><div class=\"wp-block-media-text__content\">\n<p class=\"has-medium-font-size translation-block\"><a href=\"https:\/\/osf.io\/3xhz6\" target=\"_blank\"> Guide<\/a> for sharing a post-print in institutional repositories (click for the English version)<\/p>\n<\/div><\/div>\n\n\n\n<hr class=\"wp-block-separator has-css-opacity\" \/>\n\n\n\n<div class=\"wp-block-media-text alignwide is-stacked-on-mobile\" style=\"grid-template-columns:30% auto\"><figure class=\"wp-block-media-text__media\"><img loading=\"lazy\" decoding=\"async\" width=\"500\" height=\"500\" src=\"https:\/\/openscience.fpce.up.pt\/wp-content\/uploads\/sites\/876\/2022\/01\/Logo_orange-1.png\" alt=\"\" class=\"wp-image-189 size-full\" srcset=\"https:\/\/openscience.fpce.up.pt\/wp-content\/uploads\/sites\/876\/2022\/01\/Logo_orange-1.png 500w, https:\/\/openscience.fpce.up.pt\/wp-content\/uploads\/sites\/876\/2022\/01\/Logo_orange-1-300x300.png 300w, https:\/\/openscience.fpce.up.pt\/wp-content\/uploads\/sites\/876\/2022\/01\/Logo_orange-1-150x150.png 150w, https:\/\/openscience.fpce.up.pt\/wp-content\/uploads\/sites\/876\/2022\/01\/Logo_orange-1-24x24.png 24w, https:\/\/openscience.fpce.up.pt\/wp-content\/uploads\/sites\/876\/2022\/01\/Logo_orange-1-48x48.png 48w, https:\/\/openscience.fpce.up.pt\/wp-content\/uploads\/sites\/876\/2022\/01\/Logo_orange-1-96x96.png 96w\" sizes=\"auto, (max-width: 500px) 100vw, 500px\" \/><\/figure><div class=\"wp-block-media-text__content\">\n<p class=\"has-text-align-center\" style=\"font-size:18px\">For a full list of all materials related to the workshops offered by the Open Science Group at CPUP, please visit: <a href=\"https:\/\/osf.io\/zke9h\/\">https:\/\/osf.io\/zke9h\/ <\/a><\/p>\n<\/div><\/div>\n\n\n\n<hr class=\"wp-block-separator has-css-opacity\" \/>\n\n\n\n<div class=\"wp-block-media-text alignwide is-stacked-on-mobile\" style=\"grid-template-columns:33% auto\"><figure class=\"wp-block-media-text__media\"><img loading=\"lazy\" decoding=\"async\" width=\"256\" height=\"256\" src=\"https:\/\/openscience.fpce.up.pt\/wp-content\/uploads\/sites\/876\/2022\/01\/foster.png\" alt=\"\" class=\"wp-image-328 size-full\" srcset=\"https:\/\/openscience.fpce.up.pt\/wp-content\/uploads\/sites\/876\/2022\/01\/foster.png 256w, https:\/\/openscience.fpce.up.pt\/wp-content\/uploads\/sites\/876\/2022\/01\/foster-150x150.png 150w, https:\/\/openscience.fpce.up.pt\/wp-content\/uploads\/sites\/876\/2022\/01\/foster-24x24.png 24w, https:\/\/openscience.fpce.up.pt\/wp-content\/uploads\/sites\/876\/2022\/01\/foster-48x48.png 48w, https:\/\/openscience.fpce.up.pt\/wp-content\/uploads\/sites\/876\/2022\/01\/foster-96x96.png 96w\" sizes=\"auto, (max-width: 256px) 100vw, 256px\" \/><\/figure><div class=\"wp-block-media-text__content\">\n<p style=\"font-size:18px\">Open science manual in Portuguese: <a href=\"https:\/\/open-science-training-handbook.github.io\/Open-Science-Training-Handbook_PT\/\/\" target=\"_blank\" rel=\"noreferrer noopener\">foster<\/a> <\/p>\n<\/div><\/div>\n\n\n\n<hr class=\"wp-block-separator has-css-opacity\" \/>\n\n\n\n<div class=\"wp-block-media-text alignwide is-stacked-on-mobile\" style=\"grid-template-columns:33% auto\"><figure class=\"wp-block-media-text__media\"><img loading=\"lazy\" decoding=\"async\" width=\"350\" height=\"150\" src=\"https:\/\/openscience.fpce.up.pt\/wp-content\/uploads\/sites\/876\/2022\/01\/cienciaaberta.png\" alt=\"\" class=\"wp-image-331 size-full\" srcset=\"https:\/\/openscience.fpce.up.pt\/wp-content\/uploads\/sites\/876\/2022\/01\/cienciaaberta.png 350w, https:\/\/openscience.fpce.up.pt\/wp-content\/uploads\/sites\/876\/2022\/01\/cienciaaberta-300x129.png 300w\" sizes=\"auto, (max-width: 350px) 100vw, 350px\" \/><\/figure><div class=\"wp-block-media-text__content\">\n<p style=\"font-size:18px\"><a href=\"https:\/\/www.ciencia-aberta.pt\/sobre-ciencia-aberta\" target=\"_blank\" rel=\"noreferrer noopener\">Definition<\/a> and infographics on open science provided by the Portuguese Minister of Science, Technology and High Education. <\/p>\n\n\n\n<p style=\"font-size:18px\"><a href=\"https:\/\/www.ciencia-aberta.pt\/glossario\" target=\"_blank\" rel=\"noreferrer noopener\">Glossary<\/a> of open science terms.<\/p>\n<\/div><\/div>\n\n\n\n<hr class=\"wp-block-separator has-css-opacity\" \/>\n\n\n\n<div class=\"wp-block-media-text alignwide is-stacked-on-mobile\" style=\"grid-template-columns:31% auto\"><figure class=\"wp-block-media-text__media\"><a href=\"http:\/\/www.ptrn.pt\"><img loading=\"lazy\" decoding=\"async\" width=\"355\" height=\"369\" src=\"https:\/\/openscience.fpce.up.pt\/wp-content\/uploads\/sites\/876\/2022\/01\/logo_ptrn_twitter.png\" alt=\"\" class=\"wp-image-339 size-full\" srcset=\"https:\/\/openscience.fpce.up.pt\/wp-content\/uploads\/sites\/876\/2022\/01\/logo_ptrn_twitter.png 355w, https:\/\/openscience.fpce.up.pt\/wp-content\/uploads\/sites\/876\/2022\/01\/logo_ptrn_twitter-289x300.png 289w, https:\/\/openscience.fpce.up.pt\/wp-content\/uploads\/sites\/876\/2022\/01\/logo_ptrn_twitter-24x24.png 24w\" sizes=\"auto, (max-width: 355px) 100vw, 355px\" \/><\/a><\/figure><div class=\"wp-block-media-text__content\">\n<p style=\"font-size:18px\">Portuguese Reproducibility Network <a href=\"http:\/\/www.ptrn.pt\" target=\"_blank\" rel=\"noreferrer noopener\">www.ptrn.pt<\/a><\/p>\n<\/div><\/div>\n\n\n\n<hr class=\"wp-block-separator has-css-opacity\" \/>\n\n\n\n<figure class=\"wp-block-table\"><table class=\"has-background has-fixed-layout\" style=\"background-color:#f3f4f4\"><tbody><tr><td><a href=\"https:\/\/openscience.fpce.up.pt\/en\/about\/\" data-type=\"page\" data-id=\"6\">About Us<\/a><\/td><td><a href=\"https:\/\/openscience.fpce.up.pt\/en\/members\/\" data-type=\"page\" data-id=\"150\">Members<\/a><\/td><td><a href=\"https:\/\/openscience.fpce.up.pt\/en\/events\/\" data-type=\"page\" data-id=\"172\">Events<\/a><\/td><td><a href=\"https:\/\/openscience.fpce.up.pt\/en\/faqs\/\" data-type=\"page\" data-id=\"202\">FAQ\u2019s<\/a><\/td><td><a href=\"https:\/\/openscience.fpce.up.pt\/en\/contato\/\" data-type=\"page\" data-id=\"211\">Contact<\/a><\/td><\/tr><\/tbody><\/table><\/figure>","protected":false},"excerpt":{"rendered":"<p>Nesta p\u00e1gina, apresentamos uma compila\u00e7\u00e3o de recursos relevantes. Sugere-se a consulta a estes materiais para maiores informa\u00e7\u00f5es sobre as diferentes tem\u00e1ticas que englobam a ci\u00eancia aberta e respons\u00e1vel. Gui\u00e3o para a cria\u00e7\u00e3o de codebook para bases de dados A base de dados de exemplo est\u00e1 acess\u00edvel na nossa p\u00e1gina da OSF Gui\u00f5es para o pr\u00e9-registo [&hellip;]<\/p>\n","protected":false},"author":1589,"featured_media":0,"parent":0,"menu_order":0,"comment_status":"closed","ping_status":"closed","template":"","meta":{"footnotes":""},"class_list":["post-186","page","type-page","status-publish","hentry"],"_links":{"self":[{"href":"https:\/\/openscience.fpce.up.pt\/en\/wp-json\/wp\/v2\/pages\/186","targetHints":{"allow":["GET"]}}],"collection":[{"href":"https:\/\/openscience.fpce.up.pt\/en\/wp-json\/wp\/v2\/pages"}],"about":[{"href":"https:\/\/openscience.fpce.up.pt\/en\/wp-json\/wp\/v2\/types\/page"}],"author":[{"embeddable":true,"href":"https:\/\/openscience.fpce.up.pt\/en\/wp-json\/wp\/v2\/users\/1589"}],"replies":[{"embeddable":true,"href":"https:\/\/openscience.fpce.up.pt\/en\/wp-json\/wp\/v2\/comments?post=186"}],"version-history":[{"count":18,"href":"https:\/\/openscience.fpce.up.pt\/en\/wp-json\/wp\/v2\/pages\/186\/revisions"}],"predecessor-version":[{"id":709,"href":"https:\/\/openscience.fpce.up.pt\/en\/wp-json\/wp\/v2\/pages\/186\/revisions\/709"}],"wp:attachment":[{"href":"https:\/\/openscience.fpce.up.pt\/en\/wp-json\/wp\/v2\/media?parent=186"}],"curies":[{"name":"wp","href":"https:\/\/api.w.org\/{rel}","templated":true}]}}